{"id":872,"date":"2023-07-16T10:57:14","date_gmt":"2023-07-16T10:57:14","guid":{"rendered":"https:\/\/off.prymemarketing.de\/off\/?page_id=872"},"modified":"2023-08-29T12:59:17","modified_gmt":"2023-08-29T12:59:17","slug":"impressum","status":"publish","type":"page","link":"https:\/\/off.prymemarketing.de\/off\/?page_id=872","title":{"rendered":"Impressum"},"content":{"rendered":"\n<style type=\"text\/css\" data-created_by=\"avia_inline_auto\" id=\"style-css-av-lk5boxfl-7b2b119f5fd4c279908a37a3150a6255\">\n#top .av-special-heading.av-lk5boxfl-7b2b119f5fd4c279908a37a3150a6255{\npadding-bottom:10px;\n}\nbody .av-special-heading.av-lk5boxfl-7b2b119f5fd4c279908a37a3150a6255 .av-special-heading-tag .heading-char{\nfont-size:25px;\n}\n.av-special-heading.av-lk5boxfl-7b2b119f5fd4c279908a37a3150a6255 .av-subheading{\nfont-size:15px;\n}\n<\/style>\n<div  class='av-special-heading av-lk5boxfl-7b2b119f5fd4c279908a37a3150a6255 av-special-heading-h1  avia-builder-el-0  el_before_av_one_half  avia-builder-el-first '><h1 class='av-special-heading-tag '  itemprop=\"headline\"  >Impressum<\/h1><div class=\"special-heading-border\"><div class=\"special-heading-inner-border\"><\/div><\/div><\/div>\n<div  class='flex_column av-g8f94-19c54ce78c602494ea09cf6d76c7f08e av_one_half  avia-builder-el-1  el_after_av_heading  el_before_av_one_half  first flex_column_div  '     ><section  class='av_textblock_section av-lk5bmcrb-dbaa0f33e7e27cfd8d620b2879a672e3 '   itemscope=\"itemscope\" itemtype=\"https:\/\/schema.org\/CreativeWork\" ><div class='avia_textblock'  itemprop=\"text\" ><p><strong>Angaben gem\u00e4\u00df \u00a7 5 TMG:<\/strong><\/p>\n<p>OFF. time GmbH<\/p>\n<p>Ludwigsstrasse 4<\/p>\n<p>55116 Mainz<\/p>\n<p>Vertreten durch: David Timm<br \/>\nE-Mailadresse: hello@off-mainz.de<\/p>\n<p>Verantwortlich f\u00fcr den Inhalt: David Timm (Anschrift wie oben)<\/p>\n<p>Umsatzsteuer-Identifikationsnummer gem\u00e4\u00df \u00a727 a Umsatzsteuergesetz:<\/p>\n<p>USt.-IdNr.: DE360238436<\/p>\n<\/div><\/section><\/div><div  class='flex_column av-b4ybc-6974f72fb0a85e137f8db0ff06bf37fb av_one_half  avia-builder-el-3  el_after_av_one_half  el_before_av_textblock  flex_column_div  '     ><section  class='av_textblock_section av-lk5bmnxa-8bc750a8d391edd6b09c14245363e36b '   itemscope=\"itemscope\" itemtype=\"https:\/\/schema.org\/CreativeWork\" ><div class='avia_textblock'  itemprop=\"text\" ><p><strong>Gestaltung, Umsetzung und technische Realisierung der Webpr\u00e4senz<\/strong><br \/>\nPRYME|Marketing UG (haftungsbeschr\u00e4nkt)<br \/>\nAm Winterhafen 24<br \/>\n55131 Mainz<\/p>\n<p>DEUTSCHLAND<\/p>\n<p>Ust. ID: DE337035539<br \/>\nwww.prymemarketing.de<\/p>\n<\/div><\/section><\/div><\/p>\n<section  class='av_textblock_section av-lk5bo1yq-663bb55cfc3e0976463f75cef6ba2598 '   itemscope=\"itemscope\" itemtype=\"https:\/\/schema.org\/CreativeWork\" ><div class='avia_textblock'  itemprop=\"text\" ><div class=\"flex_column av-ami6fv-9282c5819be5b8b79a38c18102c16865 av_one_full  avia-builder-el-7  el_after_av_hr  el_before_av_hr  first flex_column_div av-zero-column-padding  \">\n<section class=\"av_textblock_section av-34rrv-a7c44b9beb1d2824a199fb7981842bb5 \">\n<div class=\"avia_textblock\">\n<p><strong>Haftung f\u00fcr Inhalte<\/strong><br \/>\nDie Inhalte unserer Seiten wurden mit gr\u00f6\u00dfter Sorgfalt erstellt. F\u00fcr die Richtigkeit, Vollst\u00e4ndigkeit und Aktualit\u00e4t der Inhalte k\u00f6nnen wir jedoch keine Gew\u00e4hr \u00fcbernehmen. Als Diensteanbieter sind wir gem\u00e4\u00df \u00a7 7 Abs.1 TMG f\u00fcr eigene Inhalte auf diesen Seiten nach den allgemeinen Gesetzen verantwortlich. Nach \u00a7\u00a7 8 bis 10 TMG sind wir als Diensteanbieter jedoch nicht verpflichtet, \u00fcbermittelte oder gespeicherte fremde Informationen zu \u00fcberwachen oder nach Umst\u00e4nden zu forschen, die auf eine rechtswidrige T\u00e4tigkeit hinweisen. Verpflichtungen zur Entfernung oder Sperrung der Nutzung von Informationen nach den allgemeinen Gesetzen bleiben hiervon unber\u00fchrt. Eine diesbez\u00fcgliche Haftung ist jedoch erst ab dem Zeitpunkt der Kenntnis einer konkreten Rechtsverletzung m\u00f6glich. Bei Bekanntwerden von entsprechenden Rechtsverletzungen werden wir diese Inhalte umgehend entfernen.<\/p>\n<p><strong>Haftung f\u00fcr Links<\/strong><br \/>\nUnser Angebot enth\u00e4lt Links zu externen Webseiten Dritter, auf deren Inhalte wir keinen Einfluss haben. Deshalb k\u00f6nnen wir f\u00fcr diese fremden Inhalte auch keine Gew\u00e4hr \u00fcbernehmen. F\u00fcr die Inhalte der verlinkten Seiten ist stets der jeweilige Anbieter oder Betreiber der Seiten verantwortlich. Die verlinkten Seiten wurden zum Zeitpunkt der Verlinkung auf m\u00f6gliche Rechtsverst\u00f6\u00dfe \u00fcberpr\u00fcft. Rechtswidrige Inhalte waren zum Zeitpunkt der Verlinkung nicht erkennbar. Eine permanente inhaltliche Kontrolle der verlinkten Seiten ist jedoch ohne konkrete Anhaltspunkte einer Rechtsverletzung nicht zumutbar. Bei Bekanntwerden von Rechtsverletzungen werden wir derartige Links umgehend entfernen.<\/p>\n<p><strong>Urheberrecht<\/strong><br \/>\nDie durch die Seitenbetreiber erstellten Inhalte und Werke auf diesen Seiten unterliegen dem deutschen Urheberrecht. Die Vervielf\u00e4ltigung, Bearbeitung, Verbreitung und jede Art der Verwertung au\u00dferhalb der Grenzen des Urheberrechtes bed\u00fcrfen der schriftlichen Zustimmung des jeweiligen Autors bzw. Erstellers. Downloads und Kopien dieser Seite sind nur f\u00fcr den privaten, nicht kommerziellen Gebrauch gestattet. Soweit die Inhalte auf dieser Seite nicht vom Betreiber erstellt wurden, werden die Urheberrechte Dritter beachtet. Insbesondere werden Inhalte Dritter als solche gekennzeichnet. Sollten Sie trotzdem auf eine Urheberrechtsverletzung aufmerksam werden, bitten wir um einen entsprechenden Hinweis. Bei Bekanntwerden von Rechtsverletzungen werden wir derartige Inhalte umgehend entfernen.<\/p>\n<p>Quellen: Disclaimer eRecht24<\/p>\n<h3>Streitbeilegung<\/h3>\n<p>Plattform der Europ\u00e4ischen Kommission zur Online-Streitbeilegung (OS) f\u00fcr Verbraucher: http:\/\/ec.europa.eu\/consumers\/odr\/. Wir sind nicht bereit und nicht verpflichtet an einem Streitbeilegungsverfahren vor einer Verbraucherschlichtungsstelle teilzunehmen.<\/p>\n<\/div>\n<\/section>\n<\/div>\n<div class=\"hr av-qqxr-cdeea2dd0f6b71c2931f9f78f9c3e7ae hr-invisible  avia-builder-el-9  el_after_av_one_full  el_before_av_three_fifth \"><\/div>\n<div class=\"flex_column av-7gn0zv-7129627090b10ef47885b6f461d6b9a3 av_three_fifth  avia-builder-el-10  el_after_av_hr  el_before_av_two_fifth  first flex_column_div av-zero-column-padding  \">\n<section class=\"av_textblock_section av-5csm8r-5795177c2d00094566c32e834a9618ca \">\n<div class=\"avia_textblock\">\n<h3>Urheberrecht und Bildnachweise<\/h3>\n<p>Die Inhalte dieser Seite sind \u2013 soweit nicht abweichend angegeben \u2013 urheberrechtlich gesch\u00fctzt. Verwendete Fotografien sind ggf. mit Bildnachweisen gekennzeichnet oder unten aufgef\u00fchrt, soweit sie nicht selbst angefertigt wurden. Die Verwendung von Fotografien auf Drittseiten ist nur im Rahmen der jeweiligen Lizenz der Urheber m\u00f6glich.<\/p>\n<p>Pixabay (https:\/\/pixabay.com\/)<br \/>\nShutterstock (https:\/\/shutterstock.com)<\/p>\n<\/div>\n<\/section>\n<\/div>\n<div class=\"flex_column av-4x8zmz-199d3bbe1f23ef60c6eb261160745dfb av_two_fifth  avia-builder-el-12  el_after_av_three_fifth  avia-builder-el-last  flex_column_div av-zero-column-padding  \">\n<section class=\"av_textblock_section av-20vpaj-16c85cda6d3495d18169ca753578097d \">\n<div class=\"avia_textblock\">\n<h3>PRYME|Marketing schreibt Datensicherheit ganz gro\u00df<\/h3>\n<p>Wir geben Ihnen gerne, auf Anfrage, Einblick in unsere Vertr\u00e4ge zur Auftragsdatenverarbeitung (kurz: ADV), im Sinne des BDSG.<\/p>\n<\/div>\n<\/section>\n<\/div>\n<\/div><\/section>\n","protected":false},"excerpt":{"rendered":"","protected":false},"author":1,"featured_media":0,"parent":0,"menu_order":0,"comment_status":"closed","ping_status":"closed","template":"","meta":{"footnotes":""},"_links":{"self":[{"href":"https:\/\/off.prymemarketing.de\/off\/index.php?rest_route=\/wp\/v2\/pages\/872"}],"collection":[{"href":"https:\/\/off.prymemarketing.de\/off\/index.php?rest_route=\/wp\/v2\/pages"}],"about":[{"href":"https:\/\/off.prymemarketing.de\/off\/index.php?rest_route=\/wp\/v2\/types\/page"}],"author":[{"embeddable":true,"href":"https:\/\/off.prymemarketing.de\/off\/index.php?rest_route=\/wp\/v2\/users\/1"}],"replies":[{"embeddable":true,"href":"https:\/\/off.prymemarketing.de\/off\/index.php?rest_route=%2Fwp%2Fv2%2Fcomments&post=872"}],"version-history":[{"count":3,"href":"https:\/\/off.prymemarketing.de\/off\/index.php?rest_route=\/wp\/v2\/pages\/872\/revisions"}],"predecessor-version":[{"id":909,"href":"https:\/\/off.prymemarketing.de\/off\/index.php?rest_route=\/wp\/v2\/pages\/872\/revisions\/909"}],"wp:attachment":[{"href":"https:\/\/off.prymemarketing.de\/off\/index.php?rest_route=%2Fwp%2Fv2%2Fmedia&parent=872"}],"curies":[{"name":"wp","href":"https:\/\/api.w.org\/{rel}","templated":true}]}}